{"id":16,"date":"2019-05-24T09:35:55","date_gmt":"2019-05-24T09:35:55","guid":{"rendered":"https:\/\/new.skarvruet.com\/?page_id=16"},"modified":"2024-07-05T12:53:43","modified_gmt":"2024-07-05T11:53:43","slug":"hostel","status":"publish","type":"page","link":"https:\/\/www.skarvruet.com\/en\/hostel\/","title":{"rendered":"Hostel | STF T\u00e4nndalen \/ Skarvruet Fj\u00e4llstation,  your basecamp for adventures"},"content":{"rendered":"\t\t<div data-elementor-type=\"wp-post\" data-elementor-id=\"16\" class=\"elementor elementor-16\" data-elementor-post-type=\"page\">\n\t\t\t\t\t\t<section class=\"has_eae_slider elementor-section elementor-top-section elementor-element elementor-element-59e918cc elementor-section-stretched elementor-section-boxed elementor-section-height-default elementor-section-height-default\" data-eae-slider=\"23860\" data-id=\"59e918cc\" data-element_type=\"section\" data-e-type=\"section\" data-settings=\"{&quot;background_background&quot;:&quot;classic&quot;,&quot;stretch_section&quot;:&quot;section-stretched&quot;}\">\n\t\t\t\t\t\t\t<div class=\"elementor-background-overlay\"><\/div>\n\t\t\t\t\t\t\t<div class=\"elementor-container elementor-column-gap-default\">\n\t\t\t\t\t<div class=\"has_eae_slider elementor-column elementor-col-100 elementor-top-column elementor-element elementor-element-74816352\" data-eae-slider=\"21233\" data-id=\"74816352\" data-element_type=\"column\" data-e-type=\"column\">\n\t\t\t<div class=\"elementor-widget-wrap elementor-element-populated\">\n\t\t\t\t\t\t<div class=\"elementor-element elementor-element-72a03531 spacerPageTop elementor-widget elementor-widget-spacer\" data-id=\"72a03531\" data-element_type=\"widget\" data-e-type=\"widget\" data-widget_type=\"spacer.default\">\n\t\t\t\t<div class=\"elementor-widget-container\">\n\t\t\t\t\t\t\t<div class=\"elementor-spacer\">\n\t\t\t<div class=\"elementor-spacer-inner\"><\/div>\n\t\t<\/div>\n\t\t\t\t\t\t<\/div>\n\t\t\t\t<\/div>\n\t\t\t\t<div class=\"elementor-element elementor-element-165b18ee eae-icon-view-default elementor-invisible elementor-widget elementor-widget-wts-textseparator\" data-id=\"165b18ee\" data-element_type=\"widget\" data-e-type=\"widget\" data-settings=\"{&quot;_animation&quot;:&quot;fadeInUp&quot;,&quot;_animation_delay&quot;:100}\" data-widget_type=\"wts-textseparator.default\">\n\t\t\t\t<div class=\"elementor-widget-container\">\n\t\t\t\t\t\t\t<div class=\"wts-eae-textseparator sep-align-center icon-yes icon-before title-yes\" >\n\t\t\t<div class=\"eae-sep-holder sep-left\">\n\t\t\t\t<div class=\"eae-sep-lines\"><\/div>\n\t\t\t<\/div>\n\n\t\t\t\n\t\t\t<h1 class=\"eae-separator-title\">Hostel<\/h1>\n\t\t\t\n\t\t\t<div class=\"eae-sep-holder sep-right\">\n\t\t\t\t<div class=\"eae-sep-lines\"><\/div>\n\t\t\t<\/div>\n\t\t<\/div>\n\t\t\t\t\t\t<\/div>\n\t\t\t\t<\/div>\n\t\t\t\t<div class=\"elementor-element elementor-element-1542309a elementor-invisible elementor-widget elementor-widget-heading\" data-id=\"1542309a\" data-element_type=\"widget\" data-e-type=\"widget\" data-settings=\"{&quot;_animation&quot;:&quot;fadeIn&quot;,&quot;_animation_delay&quot;:800}\" data-widget_type=\"heading.default\">\n\t\t\t\t<div class=\"elementor-widget-container\">\n\t\t\t\t\t<h2 class=\"elementor-heading-title elementor-size-default\">STF T\u00e4nndalen \/ Skarvruet Fj\u00e4llstation<\/h2>\t\t\t\t<\/div>\n\t\t\t\t<\/div>\n\t\t\t\t<div class=\"elementor-element elementor-element-8d156fe elementor-widget elementor-widget-spacer\" data-id=\"8d156fe\" data-element_type=\"widget\" data-e-type=\"widget\" data-widget_type=\"spacer.default\">\n\t\t\t\t<div class=\"elementor-widget-container\">\n\t\t\t\t\t\t\t<div class=\"elementor-spacer\">\n\t\t\t<div class=\"elementor-spacer-inner\"><\/div>\n\t\t<\/div>\n\t\t\t\t\t\t<\/div>\n\t\t\t\t<\/div>\n\t\t\t\t<div class=\"elementor-element elementor-element-150fed34 elementor-widget elementor-widget-text-editor\" data-id=\"150fed34\" data-element_type=\"widget\" data-e-type=\"widget\" data-widget_type=\"text-editor.default\">\n\t\t\t\t<div class=\"elementor-widget-container\">\n\t\t\t\t\t\t\t\t\t<p>Skarvruet bietet Hotelzimmer und eine Jugendherberge am Fu\u00dfe der Skarvana Berge, zwischen den Orten T\u00e4nndalen und Fun\u00e4sdalen gelegen mit Blick auf das R\u00f6dfj\u00e4llet im S\u00fcden. Obwohl Fun\u00e4sdalen und T\u00e4nndalen in nur f\u00fcnf bis zehn Minuten mit dem Auto zu erreichen sind, liegt Skarvuet selbst inmitten der Wildnis direkt an der Baumgrenze.<\/p><p>Wenn Sie ohne Auto anreisen, sondern mit dem Bus oder auf dem s\u00fcdlichen Kungsleden wandern, kontaktieren Sie uns gern, sollten Sie eine entsprechende Transportm\u00f6glichkeit ben\u00f6tigen.<\/p><h4>Die unterschiedlichen Zimmer, Studios und H\u00e4user unserer Fj\u00e4llstation:<\/h4><ul><li>Doppelzimmer mit eigenem Bad<\/li><li>Doppelzimmer und Vierbettzimmer mit geteiltem Bad, voll ausger\u00fcsteter K\u00fcche, WiFi und Gemeinschaftsraum mit TV<\/li><li>Wohnung\/Haus f\u00fcr 5 bis 16 G\u00e4ste, mit voll ausger\u00fcsteter K\u00fcche, Ski-Aufbewahrung, Trockenm\u00f6glichkeit, TV, WiFi<\/li><\/ul><h4>Weitere Informationen:<\/h4><ul><li>Eine gro\u00dfe Sauna gibt es direkt im Hotel (50:- \/ Erw., 25:- Kind) , eine kleinere in der Herberge<\/li><li>Waschmaschine und Trockner k\u00f6nnen gemietet werden<\/li><li>Trockenschrank\/-m\u00f6glichkeiten f\u00fcr nasse Kleidung vorhanden<\/li><li>Unterst\u00e4nde und Fahrradschuppen<\/li><li>Zimmer f\u00fcr G\u00e4ste mit Haustieren sind auf Anfrage buchbar, bitte kontaktieren Sie uns vorab<\/li><li>Notwendige medizinische Mittel oder Souvenirs k\u00f6nnen gelegentlich erworben werden<\/li><li>Alle unsere Herbergsg\u00e4ste sind in der Skarvruets Lodge, im Restaurant und an der Bar herzlich willkommen. Bitte buchen Sie vorab.<\/li><\/ul>\t\t\t\t\t\t\t\t<\/div>\n\t\t\t\t<\/div>\n\t\t\t\t<div class=\"elementor-element elementor-element-fa505b1 elementor-widget elementor-widget-spacer\" data-id=\"fa505b1\" data-element_type=\"widget\" data-e-type=\"widget\" data-widget_type=\"spacer.default\">\n\t\t\t\t<div class=\"elementor-widget-container\">\n\t\t\t\t\t\t\t<div class=\"elementor-spacer\">\n\t\t\t<div class=\"elementor-spacer-inner\"><\/div>\n\t\t<\/div>\n\t\t\t\t\t\t<\/div>\n\t\t\t\t<\/div>\n\t\t\t\t<div class=\"elementor-element elementor-element-d7d2aa9 elementor-widget elementor-widget-text-editor\" data-id=\"d7d2aa9\" data-element_type=\"widget\" data-e-type=\"widget\" data-widget_type=\"text-editor.default\">\n\t\t\t\t<div class=\"elementor-widget-container\">\n\t\t\t\t\t\t\t\t\t<h3><img decoding=\"async\" class=\"alignnone wp-image-1859 size-full\" src=\"https:\/\/www.skarvruet.com\/wp-content\/uploads\/2019\/08\/skarvruet_hotel_tanndalen_funasdalen_stf_logo.png\" alt=\"skarvruet hotel tanndalen funasdalen stf logo\" width=\"60\" height=\"60\" \/><\/h3><h3><strong>Wir sind Mitlgied des STF, dem Schwedischen Turismus-Verein.<\/strong><strong><\/strong><\/h3>\t\t\t\t\t\t\t\t<\/div>\n\t\t\t\t<\/div>\n\t\t\t\t<div class=\"elementor-element elementor-element-b77cb6d elementor-widget elementor-widget-spacer\" data-id=\"b77cb6d\" data-element_type=\"widget\" data-e-type=\"widget\" data-widget_type=\"spacer.default\">\n\t\t\t\t<div class=\"elementor-widget-container\">\n\t\t\t\t\t\t\t<div class=\"elementor-spacer\">\n\t\t\t<div class=\"elementor-spacer-inner\"><\/div>\n\t\t<\/div>\n\t\t\t\t\t\t<\/div>\n\t\t\t\t<\/div>\n\t\t\t\t\t<\/div>\n\t\t<\/div>\n\t\t\t\t\t<\/div>\n\t\t<\/section>\n\t\t\t\t<section class=\"has_eae_slider elementor-section elementor-top-section elementor-element elementor-element-187e8209 elementor-section-boxed elementor-section-height-default elementor-section-height-default\" data-eae-slider=\"24086\" data-id=\"187e8209\" data-element_type=\"section\" data-e-type=\"section\" data-settings=\"{&quot;background_background&quot;:&quot;classic&quot;}\">\n\t\t\t\t\t\t<div class=\"elementor-container elementor-column-gap-default\">\n\t\t\t\t\t<div class=\"has_eae_slider elementor-column elementor-col-100 elementor-top-column elementor-element elementor-element-15face16\" data-eae-slider=\"80533\" data-id=\"15face16\" data-element_type=\"column\" data-e-type=\"column\">\n\t\t\t<div class=\"elementor-widget-wrap elementor-element-populated\">\n\t\t\t\t\t\t<div class=\"elementor-element elementor-element-6f0d6fa spacerSectionTop elementor-widget elementor-widget-spacer\" data-id=\"6f0d6fa\" data-element_type=\"widget\" data-e-type=\"widget\" data-widget_type=\"spacer.default\">\n\t\t\t\t<div class=\"elementor-widget-container\">\n\t\t\t\t\t\t\t<div class=\"elementor-spacer\">\n\t\t\t<div class=\"elementor-spacer-inner\"><\/div>\n\t\t<\/div>\n\t\t\t\t\t\t<\/div>\n\t\t\t\t<\/div>\n\t\t\t\t<div class=\"elementor-element elementor-element-5f27cead eae-icon-view-default elementor-invisible elementor-widget elementor-widget-wts-textseparator\" data-id=\"5f27cead\" data-element_type=\"widget\" data-e-type=\"widget\" data-settings=\"{&quot;_animation&quot;:&quot;fadeInUp&quot;,&quot;_animation_delay&quot;:100}\" data-widget_type=\"wts-textseparator.default\">\n\t\t\t\t<div class=\"elementor-widget-container\">\n\t\t\t\t\t\t\t<div class=\"wts-eae-textseparator sep-align-center icon-yes icon-before title-yes\" >\n\t\t\t<div class=\"eae-sep-holder sep-left\">\n\t\t\t\t<div class=\"eae-sep-lines\"><\/div>\n\t\t\t<\/div>\n\n\t\t\t\n\t\t\t<h1 class=\"eae-separator-title\">Unterkunft<\/h1>\n\t\t\t\n\t\t\t<div class=\"eae-sep-holder sep-right\">\n\t\t\t\t<div class=\"eae-sep-lines\"><\/div>\n\t\t\t<\/div>\n\t\t<\/div>\n\t\t\t\t\t\t<\/div>\n\t\t\t\t<\/div>\n\t\t\t\t<div class=\"elementor-element elementor-element-350e80fd elementor-invisible elementor-widget elementor-widget-heading\" data-id=\"350e80fd\" data-element_type=\"widget\" data-e-type=\"widget\" data-settings=\"{&quot;_animation&quot;:&quot;fadeIn&quot;,&quot;_animation_delay&quot;:800}\" data-widget_type=\"heading.default\">\n\t\t\t\t<div class=\"elementor-widget-container\">\n\t\t\t\t\t<h2 class=\"elementor-heading-title elementor-size-default\">Wir w\u00fcnschen Ihnen einen sch\u00f6nen Aufenthalt!<\/h2>\t\t\t\t<\/div>\n\t\t\t\t<\/div>\n\t\t\t\t<div class=\"elementor-element elementor-element-557c63a elementor-widget elementor-widget-gallery\" data-id=\"557c63a\" data-element_type=\"widget\" data-e-type=\"widget\" data-settings=\"{&quot;columns&quot;:3,&quot;lazyload&quot;:&quot;yes&quot;,&quot;gallery_layout&quot;:&quot;grid&quot;,&quot;columns_tablet&quot;:2,&quot;columns_mobile&quot;:1,&quot;gap&quot;:{&quot;unit&quot;:&quot;px&quot;,&quot;size&quot;:10,&quot;sizes&quot;:[]},&quot;gap_tablet&quot;:{&quot;unit&quot;:&quot;px&quot;,&quot;size&quot;:10,&quot;sizes&quot;:[]},&quot;gap_mobile&quot;:{&quot;unit&quot;:&quot;px&quot;,&quot;size&quot;:10,&quot;sizes&quot;:[]},&quot;link_to&quot;:&quot;file&quot;,&quot;aspect_ratio&quot;:&quot;3:2&quot;,&quot;overlay_background&quot;:&quot;yes&quot;,&quot;content_hover_animation&quot;:&quot;fade-in&quot;}\" data-widget_type=\"gallery.default\">\n\t\t\t\t<div class=\"elementor-widget-container\">\n\t\t\t\t\t\t\t<div class=\"elementor-gallery__container\">\n\t\t\t\t\t\t\t<a class=\"e-gallery-item elementor-gallery-item elementor-animated-content\" href=\"https:\/\/www.skarvruet.com\/wp-content\/uploads\/2024\/07\/sjalvhushall-scaled.jpg\" data-elementor-open-lightbox=\"yes\" data-elementor-lightbox-slideshow=\"557c63a\" data-elementor-lightbox-title=\"sja\u0308lvhusha\u030all\" data-e-action-hash=\"#elementor-action%3Aaction%3Dlightbox%26settings%3DeyJpZCI6Mzc0NiwidXJsIjoiaHR0cHM6XC9cL3d3dy5za2FydnJ1ZXQuY29tXC93cC1jb250ZW50XC91cGxvYWRzXC8yMDI0XC8wN1wvc2phbHZodXNoYWxsLXNjYWxlZC5qcGciLCJzbGlkZXNob3ciOiI1NTdjNjNhIn0%3D\">\n\t\t\t\t\t<div class=\"e-gallery-image elementor-gallery-item__image\" data-thumbnail=\"https:\/\/www.skarvruet.com\/wp-content\/uploads\/2024\/07\/sjalvhushall-768x512.jpg\" data-width=\"768\" data-height=\"512\" aria-label=\"\" role=\"img\" ><\/div>\n\t\t\t\t\t\t\t\t\t\t\t<div class=\"elementor-gallery-item__overlay\"><\/div>\n\t\t\t\t\t\t\t\t\t\t\t\t\t\t<\/a>\n\t\t\t\t\t\t\t<a class=\"e-gallery-item elementor-gallery-item elementor-animated-content\" href=\"https:\/\/www.skarvruet.com\/wp-content\/uploads\/2024\/07\/sjalvhushall-3.jpg\" data-elementor-open-lightbox=\"yes\" data-elementor-lightbox-slideshow=\"557c63a\" data-elementor-lightbox-title=\"sja\u0308lvhusha\u030all 3\" data-e-action-hash=\"#elementor-action%3Aaction%3Dlightbox%26settings%3DeyJpZCI6Mzc0OCwidXJsIjoiaHR0cHM6XC9cL3d3dy5za2FydnJ1ZXQuY29tXC93cC1jb250ZW50XC91cGxvYWRzXC8yMDI0XC8wN1wvc2phbHZodXNoYWxsLTMuanBnIiwic2xpZGVzaG93IjoiNTU3YzYzYSJ9\">\n\t\t\t\t\t<div class=\"e-gallery-image elementor-gallery-item__image\" data-thumbnail=\"https:\/\/www.skarvruet.com\/wp-content\/uploads\/2024\/07\/sjalvhushall-3-768x405.jpg\" data-width=\"768\" data-height=\"405\" aria-label=\"\" role=\"img\" ><\/div>\n\t\t\t\t\t\t\t\t\t\t\t<div class=\"elementor-gallery-item__overlay\"><\/div>\n\t\t\t\t\t\t\t\t\t\t\t\t\t\t<\/a>\n\t\t\t\t\t\t\t<a class=\"e-gallery-item elementor-gallery-item elementor-animated-content\" href=\"https:\/\/www.skarvruet.com\/wp-content\/uploads\/2024\/07\/sjalvhushall2-scaled.jpg\" data-elementor-open-lightbox=\"yes\" data-elementor-lightbox-slideshow=\"557c63a\" data-elementor-lightbox-title=\"sja\u0308lvhusha\u030all2\" data-e-action-hash=\"#elementor-action%3Aaction%3Dlightbox%26settings%3DeyJpZCI6Mzc0NywidXJsIjoiaHR0cHM6XC9cL3d3dy5za2FydnJ1ZXQuY29tXC93cC1jb250ZW50XC91cGxvYWRzXC8yMDI0XC8wN1wvc2phbHZodXNoYWxsMi1zY2FsZWQuanBnIiwic2xpZGVzaG93IjoiNTU3YzYzYSJ9\">\n\t\t\t\t\t<div class=\"e-gallery-image elementor-gallery-item__image\" data-thumbnail=\"https:\/\/www.skarvruet.com\/wp-content\/uploads\/2024\/07\/sjalvhushall2-768x512.jpg\" data-width=\"768\" data-height=\"512\" aria-label=\"\" role=\"img\" ><\/div>\n\t\t\t\t\t\t\t\t\t\t\t<div class=\"elementor-gallery-item__overlay\"><\/div>\n\t\t\t\t\t\t\t\t\t\t\t\t\t\t<\/a>\n\t\t\t\t\t<\/div>\n\t\t\t\t\t<\/div>\n\t\t\t\t<\/div>\n\t\t\t\t<div class=\"elementor-element elementor-element-175ad81 elementor-widget elementor-widget-spacer\" data-id=\"175ad81\" data-element_type=\"widget\" data-e-type=\"widget\" data-widget_type=\"spacer.default\">\n\t\t\t\t<div class=\"elementor-widget-container\">\n\t\t\t\t\t\t\t<div class=\"elementor-spacer\">\n\t\t\t<div class=\"elementor-spacer-inner\"><\/div>\n\t\t<\/div>\n\t\t\t\t\t\t<\/div>\n\t\t\t\t<\/div>\n\t\t\t\t<div class=\"elementor-element elementor-element-aaec9b9 elementor-align-center red-btn elementor-widget elementor-widget-button\" data-id=\"aaec9b9\" data-element_type=\"widget\" data-e-type=\"widget\" data-widget_type=\"button.default\">\n\t\t\t\t<div class=\"elementor-widget-container\">\n\t\t\t\t\t\t\t\t\t<div class=\"elementor-button-wrapper\">\n\t\t\t\t\t<a class=\"elementor-button elementor-button-link elementor-size-md\" href=\"https:\/\/booking.skarvruet.com\">\n\t\t\t\t\t\t<span class=\"elementor-button-content-wrapper\">\n\t\t\t\t\t\t\t\t\t<span class=\"elementor-button-text\">Jetzt buchen<\/span>\n\t\t\t\t\t<\/span>\n\t\t\t\t\t<\/a>\n\t\t\t\t<\/div>\n\t\t\t\t\t\t\t\t<\/div>\n\t\t\t\t<\/div>\n\t\t\t\t<div class=\"elementor-element elementor-element-62826e26 spacerPageBottom elementor-widget elementor-widget-spacer\" data-id=\"62826e26\" data-element_type=\"widget\" data-e-type=\"widget\" data-widget_type=\"spacer.default\">\n\t\t\t\t<div class=\"elementor-widget-container\">\n\t\t\t\t\t\t\t<div class=\"elementor-spacer\">\n\t\t\t<div class=\"elementor-spacer-inner\"><\/div>\n\t\t<\/div>\n\t\t\t\t\t\t<\/div>\n\t\t\t\t<\/div>\n\t\t\t\t\t<\/div>\n\t\t<\/div>\n\t\t\t\t\t<\/div>\n\t\t<\/section>\n\t\t\t\t<\/div>\n\t\t","protected":false},"excerpt":{"rendered":"<p>Hostel STF T\u00e4nndalen \/ Skarvruet Fj\u00e4llstation Skarvruet is located directly at the foot of the Skarvarna mountains and right in between T\u00e4nndalen and Fun\u00e4sdalen, having the R\u00f6dfj\u00e4llet in the South. Our hotel and hostel lies in the middle of the wilderness and very close to the highland plateaus, though Fun\u00e4sdalen and T\u00e4nndalen are only a [&hellip;]<\/p>\n","protected":false},"author":18,"featured_media":0,"parent":0,"menu_order":0,"comment_status":"closed","ping_status":"closed","template":"","meta":{"footnotes":""},"class_list":["post-16","page","type-page","status-publish","hentry"],"yoast_head":"<!-- This site is optimized with the Yoast SEO plugin v26.9 - https:\/\/yoast.com\/product\/yoast-seo-wordpress\/ -->\n<title>Hostel | STF T\u00e4nndalen \/ Skarvruet Fj\u00e4llstation, your basecamp for adventures - Skarvruet<\/title>\n<meta name=\"description\" content=\"Skarvruet is located directly at the foot of the Skarvarna mountains and right in between T\u00e4nndalen and Fun\u00e4sdalen, having the R\u00f6dfj\u00e4llet in the South.\" \/>\n<meta name=\"robots\" content=\"index, follow, max-snippet:-1, max-image-preview:large, max-video-preview:-1\" \/>\n<link rel=\"canonical\" href=\"https:\/\/www.skarvruet.com\/en\/hostel\/\" \/>\n<meta property=\"og:locale\" content=\"en_US\" \/>\n<meta property=\"og:type\" content=\"article\" \/>\n<meta property=\"og:title\" content=\"[:en]Hostel | STF T\u00e4nndalen \/ Skarvruet Fj\u00e4llstation, your basecamp for adventures[:de]Hostel | STF T\u00e4nndalen \/ Skarvruet Fj\u00e4llstation, dein Basislage f\u00fcr Abenteuer[:sv]Fj\u00e4llstation | STF T\u00e4nndalen \/ Skarvruet Fj\u00e4llstation, din basl\u00e4ger f\u00f6r \u00e4ventyr[:] - Skarvruet\" \/>\n<meta property=\"og:description\" content=\"Skarvruet is located directly at the foot of the Skarvarna mountains and right in between T\u00e4nndalen and Fun\u00e4sdalen, having the R\u00f6dfj\u00e4llet in the South.\" \/>\n<meta property=\"og:url\" content=\"https:\/\/www.skarvruet.com\/en\/hostel\/\" \/>\n<meta property=\"og:site_name\" content=\"Skarvruet\" \/>\n<meta property=\"article:publisher\" content=\"https:\/\/www.facebook.com\/skarvruet\/\" \/>\n<meta property=\"article:modified_time\" content=\"2024-07-05T11:53:43+00:00\" \/>\n<meta property=\"og:image\" content=\"https:\/\/www.skarvruet.com\/wp-content\/uploads\/2019\/08\/skarvruet_hotel_tanndalen_funasdalen_stf_logo.png\" \/>\n<meta name=\"twitter:label1\" content=\"Est. reading time\" \/>\n\t<meta name=\"twitter:data1\" content=\"4 minutes\" \/>\n<script type=\"application\/ld+json\" class=\"yoast-schema-graph\">{\"@context\":\"https:\/\/schema.org\",\"@graph\":[{\"@type\":\"WebPage\",\"@id\":\"https:\/\/www.skarvruet.com\/en\/hostel\/\",\"url\":\"https:\/\/www.skarvruet.com\/en\/hostel\/\",\"name\":\"[:en]Hostel | STF T\u00e4nndalen \/ Skarvruet Fj\u00e4llstation, your basecamp for adventures[:de]Hostel | STF T\u00e4nndalen \/ Skarvruet Fj\u00e4llstation, dein Basislage f\u00fcr Abenteuer[:sv]Fj\u00e4llstation | STF T\u00e4nndalen \/ Skarvruet Fj\u00e4llstation, din basl\u00e4ger f\u00f6r \u00e4ventyr[:] - Skarvruet\",\"isPartOf\":{\"@id\":\"https:\/\/www.skarvruet.com\/sv\/#website\"},\"primaryImageOfPage\":{\"@id\":\"https:\/\/www.skarvruet.com\/en\/hostel\/#primaryimage\"},\"image\":{\"@id\":\"https:\/\/www.skarvruet.com\/en\/hostel\/#primaryimage\"},\"thumbnailUrl\":\"https:\/\/www.skarvruet.com\/wp-content\/uploads\/2019\/08\/skarvruet_hotel_tanndalen_funasdalen_stf_logo.png\",\"datePublished\":\"2019-05-24T09:35:55+00:00\",\"dateModified\":\"2024-07-05T11:53:43+00:00\",\"description\":\"Skarvruet is located directly at the foot of the Skarvarna mountains and right in between T\u00e4nndalen and Fun\u00e4sdalen, having the R\u00f6dfj\u00e4llet in the South.\",\"breadcrumb\":{\"@id\":\"https:\/\/www.skarvruet.com\/en\/hostel\/#breadcrumb\"},\"inLanguage\":\"en-US\",\"potentialAction\":[{\"@type\":\"ReadAction\",\"target\":[\"https:\/\/www.skarvruet.com\/en\/hostel\/\"]}]},{\"@type\":\"ImageObject\",\"inLanguage\":\"en-US\",\"@id\":\"https:\/\/www.skarvruet.com\/en\/hostel\/#primaryimage\",\"url\":\"https:\/\/www.skarvruet.com\/wp-content\/uploads\/2019\/08\/skarvruet_hotel_tanndalen_funasdalen_stf_logo.png\",\"contentUrl\":\"https:\/\/www.skarvruet.com\/wp-content\/uploads\/2019\/08\/skarvruet_hotel_tanndalen_funasdalen_stf_logo.png\"},{\"@type\":\"BreadcrumbList\",\"@id\":\"https:\/\/www.skarvruet.com\/en\/hostel\/#breadcrumb\",\"itemListElement\":[{\"@type\":\"ListItem\",\"position\":1,\"name\":\"Home\",\"item\":\"https:\/\/www.skarvruet.com\/sv\/\"},{\"@type\":\"ListItem\",\"position\":2,\"name\":\"Hostel | STF T\u00e4nndalen \/ Skarvruet Fj\u00e4llstation, your basecamp for adventures\"}]},{\"@type\":\"WebSite\",\"@id\":\"https:\/\/www.skarvruet.com\/sv\/#website\",\"url\":\"https:\/\/www.skarvruet.com\/sv\/\",\"name\":\"Skarvruets Highland Hotel\",\"description\":\"... where the perfect wilderness vacation begins!\",\"publisher\":{\"@id\":\"https:\/\/www.skarvruet.com\/sv\/#organization\"},\"potentialAction\":[{\"@type\":\"SearchAction\",\"target\":{\"@type\":\"EntryPoint\",\"urlTemplate\":\"https:\/\/www.skarvruet.com\/sv\/?s={search_term_string}\"},\"query-input\":{\"@type\":\"PropertyValueSpecification\",\"valueRequired\":true,\"valueName\":\"search_term_string\"}}],\"inLanguage\":\"en-US\"},{\"@type\":\"Organization\",\"@id\":\"https:\/\/www.skarvruet.com\/sv\/#organization\",\"name\":\"Skarvreuts H\u00f6gfj\u00e4llshotell AB\",\"url\":\"https:\/\/www.skarvruet.com\/sv\/\",\"logo\":{\"@type\":\"ImageObject\",\"inLanguage\":\"en-US\",\"@id\":\"https:\/\/www.skarvruet.com\/sv\/#\/schema\/logo\/image\/\",\"url\":\"\",\"contentUrl\":\"\",\"caption\":\"Skarvreuts H\u00f6gfj\u00e4llshotell AB\"},\"image\":{\"@id\":\"https:\/\/www.skarvruet.com\/sv\/#\/schema\/logo\/image\/\"},\"sameAs\":[\"https:\/\/www.facebook.com\/skarvruet\/\",\"https:\/\/www.instagram.com\/skarvruetshogfjallshotell\/\",\"https:\/\/www.linkedin.com\/company\/skarvruets-h\u00f6fj\u00e4llshotell-ab\",\"https:\/\/www.youtube.com\/channel\/UCtDHO622S1j1unVj0F24aLg\"]}]}<\/script>\n<!-- \/ Yoast SEO plugin. -->","yoast_head_json":{"title":"[:en]Hostel | STF T\u00e4nndalen \/ Skarvruet Fj\u00e4llstation, your basecamp for adventures[:de]Hostel | STF T\u00e4nndalen \/ Skarvruet Fj\u00e4llstation, dein Basislage f\u00fcr Abenteuer[:sv]Fj\u00e4llstation | STF T\u00e4nndalen \/ Skarvruet Fj\u00e4llstation, din basl\u00e4ger f\u00f6r \u00e4ventyr[:] - Skarvruet","description":"Skarvruet is located directly at the foot of the Skarvarna mountains and right in between T\u00e4nndalen and Fun\u00e4sdalen, having the R\u00f6dfj\u00e4llet in the South.","robots":{"index":"index","follow":"follow","max-snippet":"max-snippet:-1","max-image-preview":"max-image-preview:large","max-video-preview":"max-video-preview:-1"},"canonical":"https:\/\/www.skarvruet.com\/en\/hostel\/","og_locale":"en_US","og_type":"article","og_title":"[:en]Hostel | STF T\u00e4nndalen \/ Skarvruet Fj\u00e4llstation, your basecamp for adventures[:de]Hostel | STF T\u00e4nndalen \/ Skarvruet Fj\u00e4llstation, dein Basislage f\u00fcr Abenteuer[:sv]Fj\u00e4llstation | STF T\u00e4nndalen \/ Skarvruet Fj\u00e4llstation, din basl\u00e4ger f\u00f6r \u00e4ventyr[:] - Skarvruet","og_description":"Skarvruet is located directly at the foot of the Skarvarna mountains and right in between T\u00e4nndalen and Fun\u00e4sdalen, having the R\u00f6dfj\u00e4llet in the South.","og_url":"https:\/\/www.skarvruet.com\/en\/hostel\/","og_site_name":"Skarvruet","article_publisher":"https:\/\/www.facebook.com\/skarvruet\/","article_modified_time":"2024-07-05T11:53:43+00:00","og_image":[{"url":"https:\/\/www.skarvruet.com\/wp-content\/uploads\/2019\/08\/skarvruet_hotel_tanndalen_funasdalen_stf_logo.png","type":"","width":"","height":""}],"twitter_misc":{"Est. reading time":"4 minutes"},"schema":{"@context":"https:\/\/schema.org","@graph":[{"@type":"WebPage","@id":"https:\/\/www.skarvruet.com\/en\/hostel\/","url":"https:\/\/www.skarvruet.com\/en\/hostel\/","name":"[:en]Hostel | STF T\u00e4nndalen \/ Skarvruet Fj\u00e4llstation, your basecamp for adventures[:de]Hostel | STF T\u00e4nndalen \/ Skarvruet Fj\u00e4llstation, dein Basislage f\u00fcr Abenteuer[:sv]Fj\u00e4llstation | STF T\u00e4nndalen \/ Skarvruet Fj\u00e4llstation, din basl\u00e4ger f\u00f6r \u00e4ventyr[:] - Skarvruet","isPartOf":{"@id":"https:\/\/www.skarvruet.com\/sv\/#website"},"primaryImageOfPage":{"@id":"https:\/\/www.skarvruet.com\/en\/hostel\/#primaryimage"},"image":{"@id":"https:\/\/www.skarvruet.com\/en\/hostel\/#primaryimage"},"thumbnailUrl":"https:\/\/www.skarvruet.com\/wp-content\/uploads\/2019\/08\/skarvruet_hotel_tanndalen_funasdalen_stf_logo.png","datePublished":"2019-05-24T09:35:55+00:00","dateModified":"2024-07-05T11:53:43+00:00","description":"Skarvruet is located directly at the foot of the Skarvarna mountains and right in between T\u00e4nndalen and Fun\u00e4sdalen, having the R\u00f6dfj\u00e4llet in the South.","breadcrumb":{"@id":"https:\/\/www.skarvruet.com\/en\/hostel\/#breadcrumb"},"inLanguage":"en-US","potentialAction":[{"@type":"ReadAction","target":["https:\/\/www.skarvruet.com\/en\/hostel\/"]}]},{"@type":"ImageObject","inLanguage":"en-US","@id":"https:\/\/www.skarvruet.com\/en\/hostel\/#primaryimage","url":"https:\/\/www.skarvruet.com\/wp-content\/uploads\/2019\/08\/skarvruet_hotel_tanndalen_funasdalen_stf_logo.png","contentUrl":"https:\/\/www.skarvruet.com\/wp-content\/uploads\/2019\/08\/skarvruet_hotel_tanndalen_funasdalen_stf_logo.png"},{"@type":"BreadcrumbList","@id":"https:\/\/www.skarvruet.com\/en\/hostel\/#breadcrumb","itemListElement":[{"@type":"ListItem","position":1,"name":"Home","item":"https:\/\/www.skarvruet.com\/sv\/"},{"@type":"ListItem","position":2,"name":"Hostel | STF T\u00e4nndalen \/ Skarvruet Fj\u00e4llstation, your basecamp for adventures"}]},{"@type":"WebSite","@id":"https:\/\/www.skarvruet.com\/sv\/#website","url":"https:\/\/www.skarvruet.com\/sv\/","name":"Skarvruets Highland Hotel","description":"... where the perfect wilderness vacation begins!","publisher":{"@id":"https:\/\/www.skarvruet.com\/sv\/#organization"},"potentialAction":[{"@type":"SearchAction","target":{"@type":"EntryPoint","urlTemplate":"https:\/\/www.skarvruet.com\/sv\/?s={search_term_string}"},"query-input":{"@type":"PropertyValueSpecification","valueRequired":true,"valueName":"search_term_string"}}],"inLanguage":"en-US"},{"@type":"Organization","@id":"https:\/\/www.skarvruet.com\/sv\/#organization","name":"Skarvreuts H\u00f6gfj\u00e4llshotell AB","url":"https:\/\/www.skarvruet.com\/sv\/","logo":{"@type":"ImageObject","inLanguage":"en-US","@id":"https:\/\/www.skarvruet.com\/sv\/#\/schema\/logo\/image\/","url":"","contentUrl":"","caption":"Skarvreuts H\u00f6gfj\u00e4llshotell AB"},"image":{"@id":"https:\/\/www.skarvruet.com\/sv\/#\/schema\/logo\/image\/"},"sameAs":["https:\/\/www.facebook.com\/skarvruet\/","https:\/\/www.instagram.com\/skarvruetshogfjallshotell\/","https:\/\/www.linkedin.com\/company\/skarvruets-h\u00f6fj\u00e4llshotell-ab","https:\/\/www.youtube.com\/channel\/UCtDHO622S1j1unVj0F24aLg"]}]}},"_links":{"self":[{"href":"https:\/\/www.skarvruet.com\/en\/wp-json\/wp\/v2\/pages\/16","targetHints":{"allow":["GET"]}}],"collection":[{"href":"https:\/\/www.skarvruet.com\/en\/wp-json\/wp\/v2\/pages"}],"about":[{"href":"https:\/\/www.skarvruet.com\/en\/wp-json\/wp\/v2\/types\/page"}],"author":[{"embeddable":true,"href":"https:\/\/www.skarvruet.com\/en\/wp-json\/wp\/v2\/users\/18"}],"replies":[{"embeddable":true,"href":"https:\/\/www.skarvruet.com\/en\/wp-json\/wp\/v2\/comments?post=16"}],"version-history":[{"count":125,"href":"https:\/\/www.skarvruet.com\/en\/wp-json\/wp\/v2\/pages\/16\/revisions"}],"predecessor-version":[{"id":3751,"href":"https:\/\/www.skarvruet.com\/en\/wp-json\/wp\/v2\/pages\/16\/revisions\/3751"}],"wp:attachment":[{"href":"https:\/\/www.skarvruet.com\/en\/wp-json\/wp\/v2\/media?parent=16"}],"curies":[{"name":"wp","href":"https:\/\/api.w.org\/{rel}","templated":true}]}}