{"id":1147,"date":"2019-06-26T20:38:18","date_gmt":"2019-06-26T20:38:18","guid":{"rendered":"https:\/\/new.skarvruet.com\/?page_id=1147"},"modified":"2019-08-28T20:03:33","modified_gmt":"2019-08-28T19:03:33","slug":"cookie-policy","status":"publish","type":"page","link":"https:\/\/www.skarvruet.com\/de\/legal\/cookie-policy\/","title":{"rendered":"Cookie-Richtlinie"},"content":{"rendered":"\t\t<div data-elementor-type=\"wp-post\" data-elementor-id=\"1147\" class=\"elementor elementor-1147\" data-elementor-post-type=\"page\">\n\t\t\t\t\t\t<section class=\"has_eae_slider elementor-section elementor-top-section elementor-element elementor-element-b3de582 elementor-section-boxed elementor-section-height-default elementor-section-height-default\" data-eae-slider=\"30443\" data-id=\"b3de582\" data-element_type=\"section\" data-e-type=\"section\">\n\t\t\t\t\t\t<div class=\"elementor-container elementor-column-gap-default\">\n\t\t\t\t\t<div class=\"has_eae_slider elementor-column elementor-col-100 elementor-top-column elementor-element elementor-element-0590c68\" data-eae-slider=\"86516\" data-id=\"0590c68\" data-element_type=\"column\" data-e-type=\"column\">\n\t\t\t<div class=\"elementor-widget-wrap elementor-element-populated\">\n\t\t\t\t\t\t<div class=\"elementor-element elementor-element-4eef783 elementor-widget elementor-widget-spacer\" data-id=\"4eef783\" data-element_type=\"widget\" data-e-type=\"widget\" data-widget_type=\"spacer.default\">\n\t\t\t\t<div class=\"elementor-widget-container\">\n\t\t\t\t\t\t\t<div class=\"elementor-spacer\">\n\t\t\t<div class=\"elementor-spacer-inner\"><\/div>\n\t\t<\/div>\n\t\t\t\t\t\t<\/div>\n\t\t\t\t<\/div>\n\t\t\t\t<div class=\"elementor-element elementor-element-d816df4 elementor-widget elementor-widget-image\" data-id=\"d816df4\" data-element_type=\"widget\" data-e-type=\"widget\" data-widget_type=\"image.default\">\n\t\t\t\t<div class=\"elementor-widget-container\">\n\t\t\t\t\t\t\t\t\t\t\t\t\t\t\t<img fetchpriority=\"high\" decoding=\"async\" width=\"383\" height=\"158\" src=\"https:\/\/www.skarvruet.com\/wp-content\/uploads\/2019\/08\/skarvruet_hotel_tanndalen_funasdalen_logo_158px_gl.png\" class=\"attachment-large size-large wp-image-1942\" alt=\"skarvruet hotel t\u00e4nndalen fun\u00e4sdalen fun\u00e4sj\u00e4llen h\u00e4rjedalen j\u00e4mtland logo\" srcset=\"https:\/\/www.skarvruet.com\/wp-content\/uploads\/2019\/08\/skarvruet_hotel_tanndalen_funasdalen_logo_158px_gl.png 383w, https:\/\/www.skarvruet.com\/wp-content\/uploads\/2019\/08\/skarvruet_hotel_tanndalen_funasdalen_logo_158px_gl-300x124.png 300w\" sizes=\"(max-width: 383px) 100vw, 383px\" \/>\t\t\t\t\t\t\t\t\t\t\t\t\t\t\t<\/div>\n\t\t\t\t<\/div>\n\t\t\t\t<div class=\"elementor-element elementor-element-53b2da4 elementor-widget elementor-widget-text-editor\" data-id=\"53b2da4\" data-element_type=\"widget\" data-e-type=\"widget\" data-widget_type=\"text-editor.default\">\n\t\t\t\t<div class=\"elementor-widget-container\">\n\t\t\t\t\t\t\t\t\t<h4><strong>Skarvruets H\u00f6gfj\u00e4llshotell AB<\/strong><\/h4><p><strong>Skarvruv\u00e4gen 20 &#8211; 840 98 T\u00e4nndalen, Sweden &#8211; Tel: 0684\u201322 111 | <\/strong><strong>Orgnr. 556744-1232.<\/strong><\/p>\t\t\t\t\t\t\t\t<\/div>\n\t\t\t\t<\/div>\n\t\t\t\t<div class=\"elementor-element elementor-element-738cef8 eae-icon-view-default elementor-widget elementor-widget-wts-textseparator\" data-id=\"738cef8\" data-element_type=\"widget\" data-e-type=\"widget\" data-widget_type=\"wts-textseparator.default\">\n\t\t\t\t<div class=\"elementor-widget-container\">\n\t\t\t\t\t\t\t<div class=\"wts-eae-textseparator sep-align-center icon-yes icon-before title-yes\" >\n\t\t\t<div class=\"eae-sep-holder sep-left\">\n\t\t\t\t<div class=\"eae-sep-lines\"><\/div>\n\t\t\t<\/div>\n\n\t\t\t\n\t\t\t<h1 class=\"eae-separator-title\">Cookie-Richtlinie<\/h1>\n\t\t\t\n\t\t\t<div class=\"eae-sep-holder sep-right\">\n\t\t\t\t<div class=\"eae-sep-lines\"><\/div>\n\t\t\t<\/div>\n\t\t<\/div>\n\t\t\t\t\t\t<\/div>\n\t\t\t\t<\/div>\n\t\t\t\t<div class=\"elementor-element elementor-element-7983bab elementor-widget elementor-widget-spacer\" data-id=\"7983bab\" data-element_type=\"widget\" data-e-type=\"widget\" data-widget_type=\"spacer.default\">\n\t\t\t\t<div class=\"elementor-widget-container\">\n\t\t\t\t\t\t\t<div class=\"elementor-spacer\">\n\t\t\t<div class=\"elementor-spacer-inner\"><\/div>\n\t\t<\/div>\n\t\t\t\t\t\t<\/div>\n\t\t\t\t<\/div>\n\t\t\t\t<div class=\"elementor-element elementor-element-faea286 elementor-widget elementor-widget-text-editor\" data-id=\"faea286\" data-element_type=\"widget\" data-e-type=\"widget\" data-widget_type=\"text-editor.default\">\n\t\t\t\t<div class=\"elementor-widget-container\">\n\t\t\t\t\t\t\t\t\t<p><\/p>\t\t\t\t\t\t\t\t<\/div>\n\t\t\t\t<\/div>\n\t\t\t\t<div class=\"elementor-element elementor-element-a973b05 elementor-widget elementor-widget-text-editor\" data-id=\"a973b05\" data-element_type=\"widget\" data-e-type=\"widget\" data-widget_type=\"text-editor.default\">\n\t\t\t\t<div class=\"elementor-widget-container\">\n\t\t\t\t\t\t\t\t\t<p><\/p>\t\t\t\t\t\t\t\t<\/div>\n\t\t\t\t<\/div>\n\t\t\t\t<div class=\"elementor-element elementor-element-2585aba elementor-widget elementor-widget-text-editor\" data-id=\"2585aba\" data-element_type=\"widget\" data-e-type=\"widget\" data-widget_type=\"text-editor.default\">\n\t\t\t\t<div class=\"elementor-widget-container\">\n\t\t\t\t\t\t\t\t\t<p><strong>Unser Hotelpersonal spricht Englisch und Schwedisch. Einen Service auf Deutsch k\u00f6nnen wir aktuell leider nicht durchgehend gew\u00e4hren.<\/strong><br \/><strong>Vor diesem Hintergrund bieten wir die rechtlichen Informationen sowie die weitere Kommunikation rund um Ihren Aufenthalt bei uns vorerst nur auf Englisch und Schwedisch an.<\/strong><\/p><p>\u00a0<\/p><p>This policy applies to the use of cookies on Skarvruet.com. Skarvruet (&#8222;Skarvruet&#8220;, &#8222;we&#8220;, &#8222;us&#8220;) uses different aids to, for example, see how the visitor uses the site. By using Skarvruet&#8217;s web pages and our services, the user agrees that Skarvruet uses cookies in accordance with what is stated below.<\/p><p>Cookies are text files stored on your computer or mobile device when you visit a web page. Cookies are used to facilitate the use of a website by, for example, remember your choices and settings and partly to develop the website and analyze your behavior. Some features do not work without cookies. Skarvruet may use different tags such as various electronic images and scripts, which for example allows the web page to count the number of visitors on the page. Skarvruet also allows some partners to place cookies or tags on the visitor&#8217;s web browser in connection with the use of Skarvruet&#8217;s websites.<\/p><h3>How we use cookies<\/h3><p>On our websites we use cookies to improve your experience, to gather information for marketing purposes and to be able to develop the website.<\/p><h4>\u2022 User experience<\/h4><p>We use cookies when you are logged on to our site so that you do not have to enter the username and password for each new page that is visited in for example the booking process. We also use cookies to remember what you have written in for example search and booking forms so that you can navigate the site without having to re-enter this information every time you change pages, and for example to determine which language the page should appear on for different users. We also use cookies to optimize the speed of the website.<\/p><h4>\u2022 Marketing<\/h4><p>We use cookies to be able to customize offers and advertisements on Skarvruet.com and other websites, based on your activity on the website regardless of whether you have logged in or not. Such cookies can e.g. be used to select a target group-controlled ad or otherwise tailor the pages you see through advertising and custom content, so-called personation. We also use cookies in forms and customer surveys. In this way, you as a visitor do not have to get up for example the same survey every time you enter the site.<\/p><h4>\u2022 Web development<\/h4><p>We use cookies to compile anonymous, aggregated web statistics that enable us to understand how visitors use our site and help us improve our site structure and content. If the visitor is logged in to our website or makes a booking, information about this is also stored in our cookies.<\/p><h3>What types of cookies do we use<\/h3><h4>\u2022 Session cookies<\/h4><p>In order for certain functions on Skarvruet.com or our other websites to function, for example that the right web pages are displayed for the right person, the website uses so-called &#8222;session cookies&#8220;. When you visit our websites, our web servers provide your computer with a unique ID number for the unique visit. These cookies do not have expiration dates and are temporarily stored in the user&#8217;s computer&#8217;s memory until the browser is shut down. Thanks to this cookie, you do not need to re-fill in all the data e.g. each time you back in the booking dialog.<\/p><h4>\u2022 Persistent cookies<\/h4><p>A persistent cookie has a specified duration, or lifetime, that determines how long it is stored on your computer or mobile device. Such cookies are stored until the lifetime expires or until you remove them manually.<\/p><h4>\u2022 Third party cookies<\/h4><p>A third party cookie is a cookie placed on your device for our account by anyone other than us. This occurs when we have suppliers who perform services for us, such as some analysis services or services that allow you to share our pages in social media.<\/p><h3>You can set up the management of cookies in your browser<\/h3><p>You have the opportunity to prevent cookies from being stored in your computer and can change the settings of your browser at any time. You can then choose to block all cookies or only certain cookies. You can also delete any persistent cookies stored on your device at any time. If you choose not to allow the use of cookies from Skarvruet.com or any of our other websites, this may mean that some services cannot be used or that the website does not function properly in all respects.<\/p><h3>How personal data is handled in cookies<\/h3><p>It may occur that Skarvruet collects and manages certain personal data using cookies. For this management, our Privacy Policy applies.<\/p>\t\t\t\t\t\t\t\t<\/div>\n\t\t\t\t<\/div>\n\t\t\t\t\t<\/div>\n\t\t<\/div>\n\t\t\t\t\t<\/div>\n\t\t<\/section>\n\t\t\t\t<\/div>\n\t\t","protected":false},"excerpt":{"rendered":"<p>Skarvruets H\u00f6gfj\u00e4llshotell AB Skarvruv\u00e4gen 20 &#8211; 840 98 T\u00e4nndalen, Sweden &#8211; Tel: 0684\u201322 111 | Orgnr. 556744-1232. Cookie-Richtlinie Unser Hotelpersonal spricht Englisch und Schwedisch. Einen Service auf Deutsch k\u00f6nnen wir aktuell leider nicht durchgehend gew\u00e4hren.Vor diesem Hintergrund bieten wir die rechtlichen Informationen sowie die weitere Kommunikation rund um Ihren Aufenthalt bei uns vorerst nur auf [&hellip;]<\/p>\n","protected":false},"author":18,"featured_media":0,"parent":1125,"menu_order":0,"comment_status":"closed","ping_status":"closed","template":"simple.php","meta":{"footnotes":""},"class_list":["post-1147","page","type-page","status-publish","hentry"],"yoast_head":"<!-- This site is optimized with the Yoast SEO plugin v26.9 - https:\/\/yoast.com\/product\/yoast-seo-wordpress\/ -->\n<title>Cookie-Richtlinie - Skarvruet<\/title>\n<meta name=\"robots\" content=\"index, follow, max-snippet:-1, max-image-preview:large, max-video-preview:-1\" \/>\n<link rel=\"canonical\" href=\"https:\/\/www.skarvruet.com\/sv\/legal\/cookie-policy\/\" \/>\n<meta property=\"og:locale\" content=\"de_DE\" \/>\n<meta property=\"og:type\" content=\"article\" \/>\n<meta property=\"og:title\" content=\"[:en]Cookie Policy[:de]Cookie-Richtlinie[:sv]Cookie villkor[:] - Skarvruet\" \/>\n<meta property=\"og:description\" content=\"Skarvruets H\u00f6gfj\u00e4llshotell AB Skarvruv\u00e4gen 20 &#8211; 840 98 T\u00e4nndalen, Sweden &#8211; Tel: 0684\u201322 111 | Orgnr. 556744-1232. Cookie-Richtlinie Unser Hotelpersonal spricht Englisch und Schwedisch. Einen Service auf Deutsch k\u00f6nnen wir aktuell leider nicht durchgehend gew\u00e4hren.Vor diesem Hintergrund bieten wir die rechtlichen Informationen sowie die weitere Kommunikation rund um Ihren Aufenthalt bei uns vorerst nur auf [&hellip;]\" \/>\n<meta property=\"og:url\" content=\"https:\/\/www.skarvruet.com\/sv\/legal\/cookie-policy\/\" \/>\n<meta property=\"og:site_name\" content=\"Skarvruet\" \/>\n<meta property=\"article:publisher\" content=\"https:\/\/www.facebook.com\/skarvruet\/\" \/>\n<meta property=\"article:modified_time\" content=\"2019-08-28T19:03:33+00:00\" \/>\n<meta property=\"og:image\" content=\"https:\/\/www.skarvruet.com\/wp-content\/uploads\/2019\/08\/skarvruet_hotel_tanndalen_funasdalen_logo_158px_gl.png\" \/>\n<meta name=\"twitter:label1\" content=\"Gesch\u00e4tzte Lesezeit\" \/>\n\t<meta name=\"twitter:data1\" content=\"12\u00a0Minuten\" \/>\n<script type=\"application\/ld+json\" class=\"yoast-schema-graph\">{\"@context\":\"https:\/\/schema.org\",\"@graph\":[{\"@type\":\"WebPage\",\"@id\":\"https:\/\/www.skarvruet.com\/sv\/legal\/cookie-policy\/\",\"url\":\"https:\/\/www.skarvruet.com\/sv\/legal\/cookie-policy\/\",\"name\":\"[:en]Cookie Policy[:de]Cookie-Richtlinie[:sv]Cookie villkor[:] - Skarvruet\",\"isPartOf\":{\"@id\":\"https:\/\/www.skarvruet.com\/sv\/#website\"},\"primaryImageOfPage\":{\"@id\":\"https:\/\/www.skarvruet.com\/sv\/legal\/cookie-policy\/#primaryimage\"},\"image\":{\"@id\":\"https:\/\/www.skarvruet.com\/sv\/legal\/cookie-policy\/#primaryimage\"},\"thumbnailUrl\":\"https:\/\/www.skarvruet.com\/wp-content\/uploads\/2019\/08\/skarvruet_hotel_tanndalen_funasdalen_logo_158px_gl.png\",\"datePublished\":\"2019-06-26T20:38:18+00:00\",\"dateModified\":\"2019-08-28T19:03:33+00:00\",\"breadcrumb\":{\"@id\":\"https:\/\/www.skarvruet.com\/sv\/legal\/cookie-policy\/#breadcrumb\"},\"inLanguage\":\"de\",\"potentialAction\":[{\"@type\":\"ReadAction\",\"target\":[\"https:\/\/www.skarvruet.com\/sv\/legal\/cookie-policy\/\"]}]},{\"@type\":\"ImageObject\",\"inLanguage\":\"de\",\"@id\":\"https:\/\/www.skarvruet.com\/sv\/legal\/cookie-policy\/#primaryimage\",\"url\":\"https:\/\/www.skarvruet.com\/wp-content\/uploads\/2019\/08\/skarvruet_hotel_tanndalen_funasdalen_logo_158px_gl.png\",\"contentUrl\":\"https:\/\/www.skarvruet.com\/wp-content\/uploads\/2019\/08\/skarvruet_hotel_tanndalen_funasdalen_logo_158px_gl.png\"},{\"@type\":\"BreadcrumbList\",\"@id\":\"https:\/\/www.skarvruet.com\/sv\/legal\/cookie-policy\/#breadcrumb\",\"itemListElement\":[{\"@type\":\"ListItem\",\"position\":1,\"name\":\"Home\",\"item\":\"https:\/\/www.skarvruet.com\/sv\/\"},{\"@type\":\"ListItem\",\"position\":2,\"name\":\"(English) Legal\",\"item\":\"https:\/\/www.skarvruet.com\/de\/legal\/\"},{\"@type\":\"ListItem\",\"position\":3,\"name\":\"Cookie villkor\"}]},{\"@type\":\"WebSite\",\"@id\":\"https:\/\/www.skarvruet.com\/sv\/#website\",\"url\":\"https:\/\/www.skarvruet.com\/sv\/\",\"name\":\"Skarvruets Highland Hotel\",\"description\":\"... wo der perfekte Wildnis-Urlaub beginnt!\",\"publisher\":{\"@id\":\"https:\/\/www.skarvruet.com\/sv\/#organization\"},\"potentialAction\":[{\"@type\":\"SearchAction\",\"target\":{\"@type\":\"EntryPoint\",\"urlTemplate\":\"https:\/\/www.skarvruet.com\/sv\/?s={search_term_string}\"},\"query-input\":{\"@type\":\"PropertyValueSpecification\",\"valueRequired\":true,\"valueName\":\"search_term_string\"}}],\"inLanguage\":\"de\"},{\"@type\":\"Organization\",\"@id\":\"https:\/\/www.skarvruet.com\/sv\/#organization\",\"name\":\"Skarvreuts H\u00f6gfj\u00e4llshotell AB\",\"url\":\"https:\/\/www.skarvruet.com\/sv\/\",\"logo\":{\"@type\":\"ImageObject\",\"inLanguage\":\"de\",\"@id\":\"https:\/\/www.skarvruet.com\/sv\/#\/schema\/logo\/image\/\",\"url\":\"\",\"contentUrl\":\"\",\"caption\":\"Skarvreuts H\u00f6gfj\u00e4llshotell AB\"},\"image\":{\"@id\":\"https:\/\/www.skarvruet.com\/sv\/#\/schema\/logo\/image\/\"},\"sameAs\":[\"https:\/\/www.facebook.com\/skarvruet\/\",\"https:\/\/www.instagram.com\/skarvruetshogfjallshotell\/\",\"https:\/\/www.linkedin.com\/company\/skarvruets-h\u00f6fj\u00e4llshotell-ab\",\"https:\/\/www.youtube.com\/channel\/UCtDHO622S1j1unVj0F24aLg\"]}]}<\/script>\n<!-- \/ Yoast SEO plugin. -->","yoast_head_json":{"title":"[:en]Cookie Policy[:de]Cookie-Richtlinie[:sv]Cookie villkor[:] - Skarvruet","robots":{"index":"index","follow":"follow","max-snippet":"max-snippet:-1","max-image-preview":"max-image-preview:large","max-video-preview":"max-video-preview:-1"},"canonical":"https:\/\/www.skarvruet.com\/sv\/legal\/cookie-policy\/","og_locale":"de_DE","og_type":"article","og_title":"[:en]Cookie Policy[:de]Cookie-Richtlinie[:sv]Cookie villkor[:] - Skarvruet","og_description":"Skarvruets H\u00f6gfj\u00e4llshotell AB Skarvruv\u00e4gen 20 &#8211; 840 98 T\u00e4nndalen, Sweden &#8211; Tel: 0684\u201322 111 | Orgnr. 556744-1232. Cookie-Richtlinie Unser Hotelpersonal spricht Englisch und Schwedisch. Einen Service auf Deutsch k\u00f6nnen wir aktuell leider nicht durchgehend gew\u00e4hren.Vor diesem Hintergrund bieten wir die rechtlichen Informationen sowie die weitere Kommunikation rund um Ihren Aufenthalt bei uns vorerst nur auf [&hellip;]","og_url":"https:\/\/www.skarvruet.com\/sv\/legal\/cookie-policy\/","og_site_name":"Skarvruet","article_publisher":"https:\/\/www.facebook.com\/skarvruet\/","article_modified_time":"2019-08-28T19:03:33+00:00","og_image":[{"url":"https:\/\/www.skarvruet.com\/wp-content\/uploads\/2019\/08\/skarvruet_hotel_tanndalen_funasdalen_logo_158px_gl.png","type":"","width":"","height":""}],"twitter_misc":{"Gesch\u00e4tzte Lesezeit":"12\u00a0Minuten"},"schema":{"@context":"https:\/\/schema.org","@graph":[{"@type":"WebPage","@id":"https:\/\/www.skarvruet.com\/sv\/legal\/cookie-policy\/","url":"https:\/\/www.skarvruet.com\/sv\/legal\/cookie-policy\/","name":"[:en]Cookie Policy[:de]Cookie-Richtlinie[:sv]Cookie villkor[:] - Skarvruet","isPartOf":{"@id":"https:\/\/www.skarvruet.com\/sv\/#website"},"primaryImageOfPage":{"@id":"https:\/\/www.skarvruet.com\/sv\/legal\/cookie-policy\/#primaryimage"},"image":{"@id":"https:\/\/www.skarvruet.com\/sv\/legal\/cookie-policy\/#primaryimage"},"thumbnailUrl":"https:\/\/www.skarvruet.com\/wp-content\/uploads\/2019\/08\/skarvruet_hotel_tanndalen_funasdalen_logo_158px_gl.png","datePublished":"2019-06-26T20:38:18+00:00","dateModified":"2019-08-28T19:03:33+00:00","breadcrumb":{"@id":"https:\/\/www.skarvruet.com\/sv\/legal\/cookie-policy\/#breadcrumb"},"inLanguage":"de","potentialAction":[{"@type":"ReadAction","target":["https:\/\/www.skarvruet.com\/sv\/legal\/cookie-policy\/"]}]},{"@type":"ImageObject","inLanguage":"de","@id":"https:\/\/www.skarvruet.com\/sv\/legal\/cookie-policy\/#primaryimage","url":"https:\/\/www.skarvruet.com\/wp-content\/uploads\/2019\/08\/skarvruet_hotel_tanndalen_funasdalen_logo_158px_gl.png","contentUrl":"https:\/\/www.skarvruet.com\/wp-content\/uploads\/2019\/08\/skarvruet_hotel_tanndalen_funasdalen_logo_158px_gl.png"},{"@type":"BreadcrumbList","@id":"https:\/\/www.skarvruet.com\/sv\/legal\/cookie-policy\/#breadcrumb","itemListElement":[{"@type":"ListItem","position":1,"name":"Home","item":"https:\/\/www.skarvruet.com\/sv\/"},{"@type":"ListItem","position":2,"name":"(English) Legal","item":"https:\/\/www.skarvruet.com\/de\/legal\/"},{"@type":"ListItem","position":3,"name":"Cookie villkor"}]},{"@type":"WebSite","@id":"https:\/\/www.skarvruet.com\/sv\/#website","url":"https:\/\/www.skarvruet.com\/sv\/","name":"Skarvruets Highland Hotel","description":"... wo der perfekte Wildnis-Urlaub beginnt!","publisher":{"@id":"https:\/\/www.skarvruet.com\/sv\/#organization"},"potentialAction":[{"@type":"SearchAction","target":{"@type":"EntryPoint","urlTemplate":"https:\/\/www.skarvruet.com\/sv\/?s={search_term_string}"},"query-input":{"@type":"PropertyValueSpecification","valueRequired":true,"valueName":"search_term_string"}}],"inLanguage":"de"},{"@type":"Organization","@id":"https:\/\/www.skarvruet.com\/sv\/#organization","name":"Skarvreuts H\u00f6gfj\u00e4llshotell AB","url":"https:\/\/www.skarvruet.com\/sv\/","logo":{"@type":"ImageObject","inLanguage":"de","@id":"https:\/\/www.skarvruet.com\/sv\/#\/schema\/logo\/image\/","url":"","contentUrl":"","caption":"Skarvreuts H\u00f6gfj\u00e4llshotell AB"},"image":{"@id":"https:\/\/www.skarvruet.com\/sv\/#\/schema\/logo\/image\/"},"sameAs":["https:\/\/www.facebook.com\/skarvruet\/","https:\/\/www.instagram.com\/skarvruetshogfjallshotell\/","https:\/\/www.linkedin.com\/company\/skarvruets-h\u00f6fj\u00e4llshotell-ab","https:\/\/www.youtube.com\/channel\/UCtDHO622S1j1unVj0F24aLg"]}]}},"_links":{"self":[{"href":"https:\/\/www.skarvruet.com\/de\/wp-json\/wp\/v2\/pages\/1147","targetHints":{"allow":["GET"]}}],"collection":[{"href":"https:\/\/www.skarvruet.com\/de\/wp-json\/wp\/v2\/pages"}],"about":[{"href":"https:\/\/www.skarvruet.com\/de\/wp-json\/wp\/v2\/types\/page"}],"author":[{"embeddable":true,"href":"https:\/\/www.skarvruet.com\/de\/wp-json\/wp\/v2\/users\/18"}],"replies":[{"embeddable":true,"href":"https:\/\/www.skarvruet.com\/de\/wp-json\/wp\/v2\/comments?post=1147"}],"version-history":[{"count":17,"href":"https:\/\/www.skarvruet.com\/de\/wp-json\/wp\/v2\/pages\/1147\/revisions"}],"predecessor-version":[{"id":2150,"href":"https:\/\/www.skarvruet.com\/de\/wp-json\/wp\/v2\/pages\/1147\/revisions\/2150"}],"up":[{"embeddable":true,"href":"https:\/\/www.skarvruet.com\/de\/wp-json\/wp\/v2\/pages\/1125"}],"wp:attachment":[{"href":"https:\/\/www.skarvruet.com\/de\/wp-json\/wp\/v2\/media?parent=1147"}],"curies":[{"name":"wp","href":"https:\/\/api.w.org\/{rel}","templated":true}]}}