{"id":1070,"date":"2019-06-26T09:22:51","date_gmt":"2019-06-26T09:22:51","guid":{"rendered":"https:\/\/new.skarvruet.com\/?page_id=1070"},"modified":"2019-08-28T20:02:43","modified_gmt":"2019-08-28T19:02:43","slug":"privacy-policy","status":"publish","type":"page","link":"https:\/\/www.skarvruet.com\/de\/legal\/privacy-policy\/","title":{"rendered":"Datenschutzbestimmung"},"content":{"rendered":"\t\t<div data-elementor-type=\"wp-post\" data-elementor-id=\"1070\" class=\"elementor elementor-1070\" data-elementor-post-type=\"page\">\n\t\t\t\t\t\t<section class=\"has_eae_slider elementor-section elementor-top-section elementor-element elementor-element-1b3bb14 elementor-section-boxed elementor-section-height-default elementor-section-height-default\" data-eae-slider=\"68381\" data-id=\"1b3bb14\" data-element_type=\"section\" data-e-type=\"section\">\n\t\t\t\t\t\t<div class=\"elementor-container elementor-column-gap-default\">\n\t\t\t\t\t<div class=\"has_eae_slider elementor-column elementor-col-100 elementor-top-column elementor-element elementor-element-349d551\" data-eae-slider=\"99569\" data-id=\"349d551\" data-element_type=\"column\" data-e-type=\"column\">\n\t\t\t<div class=\"elementor-widget-wrap elementor-element-populated\">\n\t\t\t\t\t\t<div class=\"elementor-element elementor-element-fb5cd8c elementor-widget elementor-widget-spacer\" data-id=\"fb5cd8c\" data-element_type=\"widget\" data-e-type=\"widget\" data-widget_type=\"spacer.default\">\n\t\t\t\t<div class=\"elementor-widget-container\">\n\t\t\t\t\t\t\t<div class=\"elementor-spacer\">\n\t\t\t<div class=\"elementor-spacer-inner\"><\/div>\n\t\t<\/div>\n\t\t\t\t\t\t<\/div>\n\t\t\t\t<\/div>\n\t\t\t\t<div class=\"elementor-element elementor-element-4178145 elementor-widget elementor-widget-image\" data-id=\"4178145\" data-element_type=\"widget\" data-e-type=\"widget\" data-widget_type=\"image.default\">\n\t\t\t\t<div class=\"elementor-widget-container\">\n\t\t\t\t\t\t\t\t\t\t\t\t\t\t\t\t<a href=\"https:\/\/new.skarvruet.com\/\">\n\t\t\t\t\t\t\t<img fetchpriority=\"high\" decoding=\"async\" width=\"383\" height=\"158\" src=\"https:\/\/www.skarvruet.com\/wp-content\/uploads\/2019\/08\/skarvruet_hotel_tanndalen_funasdalen_logo_158px_gl.png\" class=\"attachment-large size-large wp-image-1942\" alt=\"skarvruet hotel t\u00e4nndalen fun\u00e4sdalen fun\u00e4sj\u00e4llen h\u00e4rjedalen j\u00e4mtland logo\" srcset=\"https:\/\/www.skarvruet.com\/wp-content\/uploads\/2019\/08\/skarvruet_hotel_tanndalen_funasdalen_logo_158px_gl.png 383w, https:\/\/www.skarvruet.com\/wp-content\/uploads\/2019\/08\/skarvruet_hotel_tanndalen_funasdalen_logo_158px_gl-300x124.png 300w\" sizes=\"(max-width: 383px) 100vw, 383px\" \/>\t\t\t\t\t\t\t\t<\/a>\n\t\t\t\t\t\t\t\t\t\t\t\t\t\t\t<\/div>\n\t\t\t\t<\/div>\n\t\t\t\t<div class=\"elementor-element elementor-element-65c4bf8 elementor-widget elementor-widget-text-editor\" data-id=\"65c4bf8\" data-element_type=\"widget\" data-e-type=\"widget\" data-widget_type=\"text-editor.default\">\n\t\t\t\t<div class=\"elementor-widget-container\">\n\t\t\t\t\t\t\t\t\t<h3><strong>Skarvruets H\u00f6gfj\u00e4llshotell AB<\/strong><\/h3><p><strong>Skarvruv\u00e4gen 20 | 840 98 T\u00e4nndalen, Sweden | Tel: 0684\u201322 111 | <\/strong><strong>Orgnr. 556744-1232.<\/strong><\/p>\t\t\t\t\t\t\t\t<\/div>\n\t\t\t\t<\/div>\n\t\t\t\t<div class=\"elementor-element elementor-element-33e872e0 eae-icon-view-default elementor-widget elementor-widget-wts-textseparator\" data-id=\"33e872e0\" data-element_type=\"widget\" data-e-type=\"widget\" data-widget_type=\"wts-textseparator.default\">\n\t\t\t\t<div class=\"elementor-widget-container\">\n\t\t\t\t\t\t\t<div class=\"wts-eae-textseparator sep-align-center icon-yes icon-before title-yes\" >\n\t\t\t<div class=\"eae-sep-holder sep-left\">\n\t\t\t\t<div class=\"eae-sep-lines\"><\/div>\n\t\t\t<\/div>\n\n\t\t\t\n\t\t\t<h1 class=\"eae-separator-title\">Integritetspolicy<\/h1>\n\t\t\t\n\t\t\t<div class=\"eae-sep-holder sep-right\">\n\t\t\t\t<div class=\"eae-sep-lines\"><\/div>\n\t\t\t<\/div>\n\t\t<\/div>\n\t\t\t\t\t\t<\/div>\n\t\t\t\t<\/div>\n\t\t\t\t<div class=\"elementor-element elementor-element-c315ea5 elementor-widget elementor-widget-spacer\" data-id=\"c315ea5\" data-element_type=\"widget\" data-e-type=\"widget\" data-widget_type=\"spacer.default\">\n\t\t\t\t<div class=\"elementor-widget-container\">\n\t\t\t\t\t\t\t<div class=\"elementor-spacer\">\n\t\t\t<div class=\"elementor-spacer-inner\"><\/div>\n\t\t<\/div>\n\t\t\t\t\t\t<\/div>\n\t\t\t\t<\/div>\n\t\t\t\t<div class=\"elementor-element elementor-element-786e5fb elementor-widget elementor-widget-text-editor\" data-id=\"786e5fb\" data-element_type=\"widget\" data-e-type=\"widget\" data-widget_type=\"text-editor.default\">\n\t\t\t\t<div class=\"elementor-widget-container\">\n\t\t\t\t\t\t\t\t\t<h3><\/p>\t\t\t\t\t\t\t\t<\/div>\n\t\t\t\t<\/div>\n\t\t\t\t<div class=\"elementor-element elementor-element-43ba06d elementor-widget elementor-widget-text-editor\" data-id=\"43ba06d\" data-element_type=\"widget\" data-e-type=\"widget\" data-widget_type=\"text-editor.default\">\n\t\t\t\t<div class=\"elementor-widget-container\">\n\t\t\t\t\t\t\t\t\t<p><\/p>\t\t\t\t\t\t\t\t<\/div>\n\t\t\t\t<\/div>\n\t\t\t\t<div class=\"elementor-element elementor-element-b886538 elementor-widget elementor-widget-text-editor\" data-id=\"b886538\" data-element_type=\"widget\" data-e-type=\"widget\" data-widget_type=\"text-editor.default\">\n\t\t\t\t<div class=\"elementor-widget-container\">\n\t\t\t\t\t\t\t\t\t<h3>Syfte<\/h3><p>Vi v\u00e4rnar om din integritet. Du ska kunna k\u00e4nna dig trygg n\u00e4r du anf\u00f6rtror oss dina personuppgifter. D\u00e4rf\u00f6r har vi uppr\u00e4ttat den h\u00e4r policyn. Den utg\u00e5r fr\u00e5n g\u00e4llande dataskyddslagstiftning och f\u00f6rtydligar hur vi jobbar f\u00f6r att ta tillvara dina r\u00e4ttigheter och din integritet.<\/p><p>Syftet med den h\u00e4r policyn \u00e4r att du ska f\u00e5 veta hur vi behandlar dina personuppgifter, vad vi anv\u00e4nder dem till, vilka som f\u00e5r ta del av dem och under vilka f\u00f6ruts\u00e4ttningar samt hur du kan ta tillvara dina r\u00e4ttigheter.<\/p><h3>Bakgrund<\/h3><p>Vi behandlar dina personuppgifter fr\u00e4mst f\u00f6r att fullf\u00f6lja v\u00e5ra f\u00f6rpliktelser mot dig. V\u00e5r utg\u00e5ngspunkt \u00e4r att inte behandla fler personuppgifter \u00e4n vad som \u00e4r n\u00f6dv\u00e4ndigt.<\/p><p>Vi beh\u00f6ver ocks\u00e5 dina personuppgifter f\u00f6r att ge dig bra service exempelvis vad g\u00e4ller marknadsf\u00f6ring, uppf\u00f6ljning och information. Vi kan ocks\u00e5 beh\u00f6va dina personuppgifter f\u00f6r att uppfylla lagar samt utf\u00f6ra kund- och marknadsanalyser.<\/p><p>Du har r\u00e4tt att mots\u00e4tta dig att vi anv\u00e4nder personuppgifter f\u00f6r direktmarknadsf\u00f6ring.<\/p><h3>Vilka personuppgifter behandlar vi?<\/h3><p>Vi behandlar endast personuppgifter n\u00e4r vi har laglig grund. Vi behandlar inte personuppgifter i annat fall \u00e4n n\u00e4r de beh\u00f6vs f\u00f6r att fullg\u00f6ra f\u00f6rpliktelser enligt avtal och lag. H\u00e4r f\u00f6ljer exempel p\u00e5 personuppgifterna vi behandlar:<\/p><ul><li>Namn<\/li><li>Adress<\/li><li>E-postadress<\/li><li>Telefonnummer<\/li><li>\u00c5lder barn<\/li><li>Uppgifter som du registrerade sj\u00e4lvmant och frivilligt uppger<\/li><li>Inneh\u00e5ll som du sj\u00e4lv publicerar, s.k. anv\u00e4ndargenererat inneh\u00e5ll<\/li><\/ul><h3>Vi f\u00e5r tillg\u00e5ng till dina personuppgifter p\u00e5 f\u00f6ljande s\u00e4tt:<\/h3><ul><li>Uppgifter som du tillhandah\u00e5ller oss direkt<\/li><li>Uppgifter som registreras n\u00e4r du bes\u00f6ker v\u00e5r hemsida<\/li><li>Uppgifter som vi f\u00e5r n\u00e4r du \u00e4r i kontakt med oss<\/li><li>Uppgifter som vi f\u00e5r n\u00e4r du hyr stuga, rum eller bokar bord i v\u00e5r restaurang<\/li><li>Uppgifter som vi f\u00e5r n\u00e4r du anm\u00e4ler dig till v\u00e5ra kurser eller aktiviteter<\/li><li>Uppgifter som vi f\u00e5r n\u00e4r du anm\u00e4ler dig till nyhetsbrev och andra utskick<\/li><li>Uppgifter som vi f\u00e5r n\u00e4r du svarar p\u00e5 enk\u00e4ter och unders\u00f6kningar<\/li><li>Uppgifter som vi f\u00e5r n\u00e4r du kontaktar oss, s\u00f6ker anst\u00e4llning hos oss, bes\u00f6ker oss eller p\u00e5 annat s\u00e4tt tar kontakt med oss<\/li><\/ul><h3>Behandlas dina personuppgifter p\u00e5 ett betryggande s\u00e4tt?<\/h3><p>Vi utarbetar rutiner och arbetss\u00e4tt f\u00f6r att dina personuppgifter ska hanteras p\u00e5 ett s\u00e4kert s\u00e4tt. Utg\u00e5ngspunkten \u00e4r att endast arbetstagare och andra personer inom organisationen som beh\u00f6ver personuppgifterna f\u00f6r att utf\u00f6ra sina arbetsuppgifter ska ha tillg\u00e5ng till dem.<\/p><p>Vi har flera policyer f\u00f6r IT-s\u00e4kerhet f\u00f6r att s\u00e4kerst\u00e4lla att dina personuppgifter behandlas s\u00e4kert.<\/p><p>Vi \u00f6verf\u00f6r inte personuppgifter i andra fall \u00e4n de som uttryckligen anges i denna policy.<\/p><h3>N\u00e4r l\u00e4mnar vi ut dina personuppgifter?<\/h3><p>V\u00e5r utg\u00e5ngspunkt \u00e4r att inte l\u00e4mna ut dina personuppgifter till tredje part om du inte har samtyckt till det eller om det inte \u00e4r n\u00f6dv\u00e4ndigt f\u00f6r att uppfylla v\u00e5ra f\u00f6rpliktelser enligt avtal eller lag. I de fall vi l\u00e4mnar ut personuppgifter till tredje part uppr\u00e4ttar vi sekretessavtal samt s\u00e4kerst\u00e4ller att personuppgifterna behandlas p\u00e5 ett betryggande s\u00e4tt.<\/p><h3>Nyhetsbrev<\/h3><p>All information som l\u00e4mnas in i formul\u00e4ret nedan kommer att hanteras konfidentiellt, kommer inte att delas med n\u00e5gon annan part och kommer endast att anv\u00e4ndas f\u00f6r att informera dig genom v\u00e5rt nyhetsbrev. Varje nyhetsbrev inneh\u00e5ller en l\u00e4nk till unsubscribe.<\/p><h3>Ansvar<\/h3><p>Skarvruets H\u00f6gfj\u00e4llshotell AB \u00e4r personuppgiftsansvarig, vilket inneb\u00e4r att vi \u00e4r ansvariga f\u00f6r hur dina personuppgifter behandlas och att dina r\u00e4ttigheter tas tillvara. Om du har fr\u00e5gor \u00e4r du v\u00e4lkommen att kontakta oss p\u00e5 info@skarvruet.com.<\/p>\t\t\t\t\t\t\t\t<\/div>\n\t\t\t\t<\/div>\n\t\t\t\t<div class=\"elementor-element elementor-element-017eee2 elementor-widget elementor-widget-spacer\" data-id=\"017eee2\" data-element_type=\"widget\" data-e-type=\"widget\" data-widget_type=\"spacer.default\">\n\t\t\t\t<div class=\"elementor-widget-container\">\n\t\t\t\t\t\t\t<div class=\"elementor-spacer\">\n\t\t\t<div class=\"elementor-spacer-inner\"><\/div>\n\t\t<\/div>\n\t\t\t\t\t\t<\/div>\n\t\t\t\t<\/div>\n\t\t\t\t\t<\/div>\n\t\t<\/div>\n\t\t\t\t\t<\/div>\n\t\t<\/section>\n\t\t\t\t<\/div>\n\t\t","protected":false},"excerpt":{"rendered":"<p>Skarvruets H\u00f6gfj\u00e4llshotell AB Skarvruv\u00e4gen 20 | 840 98 T\u00e4nndalen, Sweden | Tel: 0684\u201322 111 | Orgnr. 556744-1232. Datenschutzbestimmung Unser Hotelpersonal spricht Englisch und Schwedisch. Einen Service auf Deutsch k\u00f6nnen wir aktuell leider nicht durchgehend gew\u00e4hren.Vor diesem Hintergrund bieten wir die rechtlichen Informationen sowie die weitere Kommunikation rund um Ihren Aufenthalt bei uns vorerst nur auf [&hellip;]<\/p>\n","protected":false},"author":18,"featured_media":0,"parent":1125,"menu_order":0,"comment_status":"closed","ping_status":"closed","template":"simple.php","meta":{"footnotes":""},"class_list":["post-1070","page","type-page","status-publish","hentry"],"yoast_head":"<!-- This site is optimized with the Yoast SEO plugin v26.9 - https:\/\/yoast.com\/product\/yoast-seo-wordpress\/ -->\n<title>Datenschutzbestimmung - Skarvruet<\/title>\n<meta name=\"robots\" content=\"index, follow, max-snippet:-1, max-image-preview:large, max-video-preview:-1\" \/>\n<link rel=\"canonical\" href=\"https:\/\/www.skarvruet.com\/sv\/legal\/privacy-policy\/\" \/>\n<meta property=\"og:locale\" content=\"de_DE\" \/>\n<meta property=\"og:type\" content=\"article\" \/>\n<meta property=\"og:title\" content=\"[:en]Privacy Policy[:de]Datenschutzbestimmung[:sv]Integritetspolicy[:] - Skarvruet\" \/>\n<meta property=\"og:description\" content=\"Skarvruets H\u00f6gfj\u00e4llshotell AB Skarvruv\u00e4gen 20 | 840 98 T\u00e4nndalen, Sweden | Tel: 0684\u201322 111 | Orgnr. 556744-1232. Datenschutzbestimmung Unser Hotelpersonal spricht Englisch und Schwedisch. Einen Service auf Deutsch k\u00f6nnen wir aktuell leider nicht durchgehend gew\u00e4hren.Vor diesem Hintergrund bieten wir die rechtlichen Informationen sowie die weitere Kommunikation rund um Ihren Aufenthalt bei uns vorerst nur auf [&hellip;]\" \/>\n<meta property=\"og:url\" content=\"https:\/\/www.skarvruet.com\/sv\/legal\/privacy-policy\/\" \/>\n<meta property=\"og:site_name\" content=\"Skarvruet\" \/>\n<meta property=\"article:publisher\" content=\"https:\/\/www.facebook.com\/skarvruet\/\" \/>\n<meta property=\"article:modified_time\" content=\"2019-08-28T19:02:43+00:00\" \/>\n<meta property=\"og:image\" content=\"https:\/\/www.skarvruet.com\/wp-content\/uploads\/2019\/08\/skarvruet_hotel_tanndalen_funasdalen_logo_158px_gl.png\" \/>\n<meta name=\"twitter:label1\" content=\"Gesch\u00e4tzte Lesezeit\" \/>\n\t<meta name=\"twitter:data1\" content=\"9\u00a0Minuten\" \/>\n<script type=\"application\/ld+json\" class=\"yoast-schema-graph\">{\"@context\":\"https:\/\/schema.org\",\"@graph\":[{\"@type\":\"WebPage\",\"@id\":\"https:\/\/www.skarvruet.com\/sv\/legal\/privacy-policy\/\",\"url\":\"https:\/\/www.skarvruet.com\/sv\/legal\/privacy-policy\/\",\"name\":\"[:en]Privacy Policy[:de]Datenschutzbestimmung[:sv]Integritetspolicy[:] - Skarvruet\",\"isPartOf\":{\"@id\":\"https:\/\/www.skarvruet.com\/sv\/#website\"},\"primaryImageOfPage\":{\"@id\":\"https:\/\/www.skarvruet.com\/sv\/legal\/privacy-policy\/#primaryimage\"},\"image\":{\"@id\":\"https:\/\/www.skarvruet.com\/sv\/legal\/privacy-policy\/#primaryimage\"},\"thumbnailUrl\":\"https:\/\/www.skarvruet.com\/wp-content\/uploads\/2019\/08\/skarvruet_hotel_tanndalen_funasdalen_logo_158px_gl.png\",\"datePublished\":\"2019-06-26T09:22:51+00:00\",\"dateModified\":\"2019-08-28T19:02:43+00:00\",\"breadcrumb\":{\"@id\":\"https:\/\/www.skarvruet.com\/sv\/legal\/privacy-policy\/#breadcrumb\"},\"inLanguage\":\"de\",\"potentialAction\":[{\"@type\":\"ReadAction\",\"target\":[\"https:\/\/www.skarvruet.com\/sv\/legal\/privacy-policy\/\"]}]},{\"@type\":\"ImageObject\",\"inLanguage\":\"de\",\"@id\":\"https:\/\/www.skarvruet.com\/sv\/legal\/privacy-policy\/#primaryimage\",\"url\":\"https:\/\/www.skarvruet.com\/wp-content\/uploads\/2019\/08\/skarvruet_hotel_tanndalen_funasdalen_logo_158px_gl.png\",\"contentUrl\":\"https:\/\/www.skarvruet.com\/wp-content\/uploads\/2019\/08\/skarvruet_hotel_tanndalen_funasdalen_logo_158px_gl.png\"},{\"@type\":\"BreadcrumbList\",\"@id\":\"https:\/\/www.skarvruet.com\/sv\/legal\/privacy-policy\/#breadcrumb\",\"itemListElement\":[{\"@type\":\"ListItem\",\"position\":1,\"name\":\"Home\",\"item\":\"https:\/\/www.skarvruet.com\/sv\/\"},{\"@type\":\"ListItem\",\"position\":2,\"name\":\"(English) Legal\",\"item\":\"https:\/\/www.skarvruet.com\/de\/legal\/\"},{\"@type\":\"ListItem\",\"position\":3,\"name\":\"Integritetspolicy\"}]},{\"@type\":\"WebSite\",\"@id\":\"https:\/\/www.skarvruet.com\/sv\/#website\",\"url\":\"https:\/\/www.skarvruet.com\/sv\/\",\"name\":\"Skarvruets Highland Hotel\",\"description\":\"... wo der perfekte Wildnis-Urlaub beginnt!\",\"publisher\":{\"@id\":\"https:\/\/www.skarvruet.com\/sv\/#organization\"},\"potentialAction\":[{\"@type\":\"SearchAction\",\"target\":{\"@type\":\"EntryPoint\",\"urlTemplate\":\"https:\/\/www.skarvruet.com\/sv\/?s={search_term_string}\"},\"query-input\":{\"@type\":\"PropertyValueSpecification\",\"valueRequired\":true,\"valueName\":\"search_term_string\"}}],\"inLanguage\":\"de\"},{\"@type\":\"Organization\",\"@id\":\"https:\/\/www.skarvruet.com\/sv\/#organization\",\"name\":\"Skarvreuts H\u00f6gfj\u00e4llshotell AB\",\"url\":\"https:\/\/www.skarvruet.com\/sv\/\",\"logo\":{\"@type\":\"ImageObject\",\"inLanguage\":\"de\",\"@id\":\"https:\/\/www.skarvruet.com\/sv\/#\/schema\/logo\/image\/\",\"url\":\"\",\"contentUrl\":\"\",\"caption\":\"Skarvreuts H\u00f6gfj\u00e4llshotell AB\"},\"image\":{\"@id\":\"https:\/\/www.skarvruet.com\/sv\/#\/schema\/logo\/image\/\"},\"sameAs\":[\"https:\/\/www.facebook.com\/skarvruet\/\",\"https:\/\/www.instagram.com\/skarvruetshogfjallshotell\/\",\"https:\/\/www.linkedin.com\/company\/skarvruets-h\u00f6fj\u00e4llshotell-ab\",\"https:\/\/www.youtube.com\/channel\/UCtDHO622S1j1unVj0F24aLg\"]}]}<\/script>\n<!-- \/ Yoast SEO plugin. -->","yoast_head_json":{"title":"[:en]Privacy Policy[:de]Datenschutzbestimmung[:sv]Integritetspolicy[:] - Skarvruet","robots":{"index":"index","follow":"follow","max-snippet":"max-snippet:-1","max-image-preview":"max-image-preview:large","max-video-preview":"max-video-preview:-1"},"canonical":"https:\/\/www.skarvruet.com\/sv\/legal\/privacy-policy\/","og_locale":"de_DE","og_type":"article","og_title":"[:en]Privacy Policy[:de]Datenschutzbestimmung[:sv]Integritetspolicy[:] - Skarvruet","og_description":"Skarvruets H\u00f6gfj\u00e4llshotell AB Skarvruv\u00e4gen 20 | 840 98 T\u00e4nndalen, Sweden | Tel: 0684\u201322 111 | Orgnr. 556744-1232. Datenschutzbestimmung Unser Hotelpersonal spricht Englisch und Schwedisch. Einen Service auf Deutsch k\u00f6nnen wir aktuell leider nicht durchgehend gew\u00e4hren.Vor diesem Hintergrund bieten wir die rechtlichen Informationen sowie die weitere Kommunikation rund um Ihren Aufenthalt bei uns vorerst nur auf [&hellip;]","og_url":"https:\/\/www.skarvruet.com\/sv\/legal\/privacy-policy\/","og_site_name":"Skarvruet","article_publisher":"https:\/\/www.facebook.com\/skarvruet\/","article_modified_time":"2019-08-28T19:02:43+00:00","og_image":[{"url":"https:\/\/www.skarvruet.com\/wp-content\/uploads\/2019\/08\/skarvruet_hotel_tanndalen_funasdalen_logo_158px_gl.png","type":"","width":"","height":""}],"twitter_misc":{"Gesch\u00e4tzte Lesezeit":"9\u00a0Minuten"},"schema":{"@context":"https:\/\/schema.org","@graph":[{"@type":"WebPage","@id":"https:\/\/www.skarvruet.com\/sv\/legal\/privacy-policy\/","url":"https:\/\/www.skarvruet.com\/sv\/legal\/privacy-policy\/","name":"[:en]Privacy Policy[:de]Datenschutzbestimmung[:sv]Integritetspolicy[:] - Skarvruet","isPartOf":{"@id":"https:\/\/www.skarvruet.com\/sv\/#website"},"primaryImageOfPage":{"@id":"https:\/\/www.skarvruet.com\/sv\/legal\/privacy-policy\/#primaryimage"},"image":{"@id":"https:\/\/www.skarvruet.com\/sv\/legal\/privacy-policy\/#primaryimage"},"thumbnailUrl":"https:\/\/www.skarvruet.com\/wp-content\/uploads\/2019\/08\/skarvruet_hotel_tanndalen_funasdalen_logo_158px_gl.png","datePublished":"2019-06-26T09:22:51+00:00","dateModified":"2019-08-28T19:02:43+00:00","breadcrumb":{"@id":"https:\/\/www.skarvruet.com\/sv\/legal\/privacy-policy\/#breadcrumb"},"inLanguage":"de","potentialAction":[{"@type":"ReadAction","target":["https:\/\/www.skarvruet.com\/sv\/legal\/privacy-policy\/"]}]},{"@type":"ImageObject","inLanguage":"de","@id":"https:\/\/www.skarvruet.com\/sv\/legal\/privacy-policy\/#primaryimage","url":"https:\/\/www.skarvruet.com\/wp-content\/uploads\/2019\/08\/skarvruet_hotel_tanndalen_funasdalen_logo_158px_gl.png","contentUrl":"https:\/\/www.skarvruet.com\/wp-content\/uploads\/2019\/08\/skarvruet_hotel_tanndalen_funasdalen_logo_158px_gl.png"},{"@type":"BreadcrumbList","@id":"https:\/\/www.skarvruet.com\/sv\/legal\/privacy-policy\/#breadcrumb","itemListElement":[{"@type":"ListItem","position":1,"name":"Home","item":"https:\/\/www.skarvruet.com\/sv\/"},{"@type":"ListItem","position":2,"name":"(English) Legal","item":"https:\/\/www.skarvruet.com\/de\/legal\/"},{"@type":"ListItem","position":3,"name":"Integritetspolicy"}]},{"@type":"WebSite","@id":"https:\/\/www.skarvruet.com\/sv\/#website","url":"https:\/\/www.skarvruet.com\/sv\/","name":"Skarvruets Highland Hotel","description":"... wo der perfekte Wildnis-Urlaub beginnt!","publisher":{"@id":"https:\/\/www.skarvruet.com\/sv\/#organization"},"potentialAction":[{"@type":"SearchAction","target":{"@type":"EntryPoint","urlTemplate":"https:\/\/www.skarvruet.com\/sv\/?s={search_term_string}"},"query-input":{"@type":"PropertyValueSpecification","valueRequired":true,"valueName":"search_term_string"}}],"inLanguage":"de"},{"@type":"Organization","@id":"https:\/\/www.skarvruet.com\/sv\/#organization","name":"Skarvreuts H\u00f6gfj\u00e4llshotell AB","url":"https:\/\/www.skarvruet.com\/sv\/","logo":{"@type":"ImageObject","inLanguage":"de","@id":"https:\/\/www.skarvruet.com\/sv\/#\/schema\/logo\/image\/","url":"","contentUrl":"","caption":"Skarvreuts H\u00f6gfj\u00e4llshotell AB"},"image":{"@id":"https:\/\/www.skarvruet.com\/sv\/#\/schema\/logo\/image\/"},"sameAs":["https:\/\/www.facebook.com\/skarvruet\/","https:\/\/www.instagram.com\/skarvruetshogfjallshotell\/","https:\/\/www.linkedin.com\/company\/skarvruets-h\u00f6fj\u00e4llshotell-ab","https:\/\/www.youtube.com\/channel\/UCtDHO622S1j1unVj0F24aLg"]}]}},"_links":{"self":[{"href":"https:\/\/www.skarvruet.com\/de\/wp-json\/wp\/v2\/pages\/1070","targetHints":{"allow":["GET"]}}],"collection":[{"href":"https:\/\/www.skarvruet.com\/de\/wp-json\/wp\/v2\/pages"}],"about":[{"href":"https:\/\/www.skarvruet.com\/de\/wp-json\/wp\/v2\/types\/page"}],"author":[{"embeddable":true,"href":"https:\/\/www.skarvruet.com\/de\/wp-json\/wp\/v2\/users\/18"}],"replies":[{"embeddable":true,"href":"https:\/\/www.skarvruet.com\/de\/wp-json\/wp\/v2\/comments?post=1070"}],"version-history":[{"count":33,"href":"https:\/\/www.skarvruet.com\/de\/wp-json\/wp\/v2\/pages\/1070\/revisions"}],"predecessor-version":[{"id":2149,"href":"https:\/\/www.skarvruet.com\/de\/wp-json\/wp\/v2\/pages\/1070\/revisions\/2149"}],"up":[{"embeddable":true,"href":"https:\/\/www.skarvruet.com\/de\/wp-json\/wp\/v2\/pages\/1125"}],"wp:attachment":[{"href":"https:\/\/www.skarvruet.com\/de\/wp-json\/wp\/v2\/media?parent=1070"}],"curies":[{"name":"wp","href":"https:\/\/api.w.org\/{rel}","templated":true}]}}